{"id":18756,"date":"2026-05-07T14:02:25","date_gmt":"2026-05-07T12:02:25","guid":{"rendered":"https:\/\/arcqua.nl\/fiora\/"},"modified":"2026-05-11T12:09:20","modified_gmt":"2026-05-11T10:09:20","slug":"fiora","status":"publish","type":"page","link":"https:\/\/arcqua.nl\/de\/fiora\/","title":{"rendered":"Fiora"},"content":{"rendered":"\t\t<div data-elementor-type=\"wp-page\" data-elementor-id=\"18756\" class=\"elementor elementor-18756 elementor-18328\" data-elementor-settings=\"{&quot;element_pack_global_tooltip_width&quot;:{&quot;unit&quot;:&quot;px&quot;,&quot;size&quot;:&quot;&quot;,&quot;sizes&quot;:[]},&quot;element_pack_global_tooltip_width_tablet&quot;:{&quot;unit&quot;:&quot;px&quot;,&quot;size&quot;:&quot;&quot;,&quot;sizes&quot;:[]},&quot;element_pack_global_tooltip_width_mobile&quot;:{&quot;unit&quot;:&quot;px&quot;,&quot;size&quot;:&quot;&quot;,&quot;sizes&quot;:[]},&quot;element_pack_global_tooltip_padding&quot;:{&quot;unit&quot;:&quot;px&quot;,&quot;top&quot;:&quot;&quot;,&quot;right&quot;:&quot;&quot;,&quot;bottom&quot;:&quot;&quot;,&quot;left&quot;:&quot;&quot;,&quot;isLinked&quot;:true},&quot;element_pack_global_tooltip_padding_tablet&quot;:{&quot;unit&quot;:&quot;px&quot;,&quot;top&quot;:&quot;&quot;,&quot;right&quot;:&quot;&quot;,&quot;bottom&quot;:&quot;&quot;,&quot;left&quot;:&quot;&quot;,&quot;isLinked&quot;:true},&quot;element_pack_global_tooltip_padding_mobile&quot;:{&quot;unit&quot;:&quot;px&quot;,&quot;top&quot;:&quot;&quot;,&quot;right&quot;:&quot;&quot;,&quot;bottom&quot;:&quot;&quot;,&quot;left&quot;:&quot;&quot;,&quot;isLinked&quot;:true},&quot;element_pack_global_tooltip_border_radius&quot;:{&quot;unit&quot;:&quot;px&quot;,&quot;top&quot;:&quot;&quot;,&quot;right&quot;:&quot;&quot;,&quot;bottom&quot;:&quot;&quot;,&quot;left&quot;:&quot;&quot;,&quot;isLinked&quot;:true},&quot;element_pack_global_tooltip_border_radius_tablet&quot;:{&quot;unit&quot;:&quot;px&quot;,&quot;top&quot;:&quot;&quot;,&quot;right&quot;:&quot;&quot;,&quot;bottom&quot;:&quot;&quot;,&quot;left&quot;:&quot;&quot;,&quot;isLinked&quot;:true},&quot;element_pack_global_tooltip_border_radius_mobile&quot;:{&quot;unit&quot;:&quot;px&quot;,&quot;top&quot;:&quot;&quot;,&quot;right&quot;:&quot;&quot;,&quot;bottom&quot;:&quot;&quot;,&quot;left&quot;:&quot;&quot;,&quot;isLinked&quot;:true}}\" data-elementor-post-type=\"page\">\n\t\t\t\t<div class=\"elementor-element elementor-element-e89dbea e-flex e-con-boxed e-con e-parent\" data-id=\"e89dbea\" data-element_type=\"container\" data-e-type=\"container\">\n\t\t\t\t\t<div class=\"e-con-inner\">\n\t\t<div class=\"elementor-element elementor-element-ad28ca8 e-con-full e-flex e-con e-child\" data-id=\"ad28ca8\" data-element_type=\"container\" data-e-type=\"container\">\n\t\t\t\t<div class=\"elementor-element elementor-element-6e9f40f elementor-widget elementor-widget-heading\" data-id=\"6e9f40f\" data-element_type=\"widget\" data-e-type=\"widget\" data-widget_type=\"heading.default\">\n\t\t\t\t\t<h2 class=\"elementor-heading-title elementor-size-default\">Fiora<\/h2>\t\t\t\t<\/div>\n\t\t\t\t<div class=\"elementor-element elementor-element-da6404b elementor-widget elementor-widget-heading\" data-id=\"da6404b\" data-element_type=\"widget\" data-e-type=\"widget\" data-widget_type=\"heading.default\">\n\t\t\t\t\t<h2 class=\"elementor-heading-title elementor-size-default\">Spanische Handwerkskunst,\nzeitloses Design.\u200b<\/h2>\t\t\t\t<\/div>\n\t\t\t\t<div class=\"elementor-element elementor-element-e752525 elementor-widget elementor-widget-text-editor\" data-id=\"e752525\" data-element_type=\"widget\" data-e-type=\"widget\" data-widget_type=\"text-editor.default\">\n\t\t\t\t\t\t\t\t\t<p>Als offizieller Partner bringt Arcqua das gesamte Fiora-Sortiment auf den niederl\u00e4ndischen Markt \u2013 f\u00fcr Einzelh\u00e4ndler, Gro\u00dfh\u00e4ndler und Installateure.<\/p>\t\t\t\t\t\t\t\t<\/div>\n\t\t\t\t\t    \t            <a\n            href=\"https:\/\/arcqua.nl\/wp-content\/uploads\/2026\/04\/cat-tarif-fiora-2026_HOL_de_reducido_v5.pdf\" target=\"_blank\"\n            class=\"e-6510cc3-66f4ada e-button-base\"\n            data-interaction-id=\"6510cc3\"\n             data-e-type=\"widget\" data-id=\"6510cc3\"\n        >\n            Katalog herunterladen\n        <\/a>\n    \t\t\t\t<\/div>\n\t\t<div class=\"elementor-element elementor-element-e20c407 e-con-full e-flex e-con e-child\" data-id=\"e20c407\" data-element_type=\"container\" data-e-type=\"container\">\n\t\t\t\t<div class=\"elementor-element elementor-element-b3b44b1 elementor-widget elementor-widget-image\" data-id=\"b3b44b1\" data-element_type=\"widget\" data-e-type=\"widget\" data-widget_type=\"image.default\">\n\t\t\t\t\t\t\t\t\t\t\t\t\t\t\t<img fetchpriority=\"high\" decoding=\"async\" width=\"1536\" height=\"1097\" src=\"https:\/\/arcqua.nl\/wp-content\/uploads\/2026\/05\/CLASSIC-SIMPLE-LOKI-CONCRETE-CAPILLA-1536x1097.png\" class=\"attachment-1536x1536 size-1536x1536 wp-image-18751\" alt=\"\" srcset=\"https:\/\/arcqua.nl\/wp-content\/uploads\/2026\/05\/CLASSIC-SIMPLE-LOKI-CONCRETE-CAPILLA-1536x1097.png 1536w, https:\/\/arcqua.nl\/wp-content\/uploads\/2026\/05\/CLASSIC-SIMPLE-LOKI-CONCRETE-CAPILLA-300x214.png 300w, https:\/\/arcqua.nl\/wp-content\/uploads\/2026\/05\/CLASSIC-SIMPLE-LOKI-CONCRETE-CAPILLA-1024x731.png 1024w, https:\/\/arcqua.nl\/wp-content\/uploads\/2026\/05\/CLASSIC-SIMPLE-LOKI-CONCRETE-CAPILLA-768x548.png 768w, https:\/\/arcqua.nl\/wp-content\/uploads\/2026\/05\/CLASSIC-SIMPLE-LOKI-CONCRETE-CAPILLA-2048x1462.png 2048w, https:\/\/arcqua.nl\/wp-content\/uploads\/2026\/05\/CLASSIC-SIMPLE-LOKI-CONCRETE-CAPILLA-500x357.png 500w, https:\/\/arcqua.nl\/wp-content\/uploads\/2026\/05\/CLASSIC-SIMPLE-LOKI-CONCRETE-CAPILLA-800x571.png 800w\" sizes=\"(max-width: 1536px) 100vw, 1536px\" \/>\t\t\t\t\t\t\t\t\t\t\t\t\t\t\t<\/div>\n\t\t\t\t<\/div>\n\t\t\t\t\t<\/div>\n\t\t\t\t<\/div>\n\t\t<div class=\"elementor-element elementor-element-e77a940 e-flex e-con-boxed e-con e-parent\" data-id=\"e77a940\" data-element_type=\"container\" data-e-type=\"container\" data-settings=\"{&quot;background_background&quot;:&quot;classic&quot;}\">\n\t\t\t\t\t<div class=\"e-con-inner\">\n\t\t\t\t<div class=\"elementor-element elementor-element-42a5515 elementor-widget elementor-widget-heading\" data-id=\"42a5515\" data-element_type=\"widget\" data-e-type=\"widget\" data-widget_type=\"heading.default\">\n\t\t\t\t\t<h2 class=\"elementor-heading-title elementor-size-default\">Das Fiora-Sortiment<\/h2>\t\t\t\t<\/div>\n\t\t<div class=\"elementor-element elementor-element-8bde08c e-con-full e-flex e-con e-child\" data-id=\"8bde08c\" data-element_type=\"container\" data-e-type=\"container\">\n\t\t<div class=\"elementor-element elementor-element-3225cbd e-con-full e-flex e-con e-child\" data-id=\"3225cbd\" data-element_type=\"container\" data-e-type=\"container\" data-settings=\"{&quot;background_background&quot;:&quot;classic&quot;}\">\n\t\t\t\t<div class=\"elementor-element elementor-element-d025e9f elementor-widget elementor-widget-image\" data-id=\"d025e9f\" data-element_type=\"widget\" data-e-type=\"widget\" data-widget_type=\"image.default\">\n\t\t\t\t\t\t\t\t\t\t\t\t\t\t\t<img decoding=\"async\" width=\"500\" height=\"300\" src=\"https:\/\/arcqua.nl\/wp-content\/uploads\/2026\/05\/PLATO-SILEX-NEGRO-ESCALERAS-e1778158015523-500x300.jpg\" class=\"attachment-thumbnail size-thumbnail wp-image-18752\" alt=\"\" \/>\t\t\t\t\t\t\t\t\t\t\t\t\t\t\t<\/div>\n\t\t<div class=\"elementor-element elementor-element-2f90335 e-con-full e-flex e-con e-child\" data-id=\"2f90335\" data-element_type=\"container\" data-e-type=\"container\">\n\t\t\t\t<div class=\"elementor-element elementor-element-430fb01 elementor-widget elementor-widget-text-editor\" data-id=\"430fb01\" data-element_type=\"widget\" data-e-type=\"widget\" data-widget_type=\"text-editor.default\">\n\t\t\t\t\t\t\t\t\t<p>Douchebakken<\/p>\t\t\t\t\t\t\t\t<\/div>\n\t\t\t\t<div class=\"elementor-element elementor-element-d67edaf elementor-widget elementor-widget-text-editor\" data-id=\"d67edaf\" data-element_type=\"widget\" data-e-type=\"widget\" data-widget_type=\"text-editor.default\">\n\t\t\t\t\t\t\t\t\t<p>Composiet douchebakken in 30+ kleuren. Antislip en krasbestendig. <\/p>\t\t\t\t\t\t\t\t<\/div>\n\t\t\t\t<\/div>\n\t\t\t\t<\/div>\n\t\t<div class=\"elementor-element elementor-element-c4e54fd e-con-full e-flex e-con e-child\" data-id=\"c4e54fd\" data-element_type=\"container\" data-e-type=\"container\" data-settings=\"{&quot;background_background&quot;:&quot;classic&quot;}\">\n\t\t\t\t<div class=\"elementor-element elementor-element-67ae09a elementor-widget elementor-widget-image\" data-id=\"67ae09a\" data-element_type=\"widget\" data-e-type=\"widget\" data-widget_type=\"image.default\">\n\t\t\t\t\t\t\t\t\t\t\t\t\t\t\t<img decoding=\"async\" width=\"768\" height=\"432\" src=\"https:\/\/arcqua.nl\/wp-content\/uploads\/2026\/05\/fiora_meubel_1-768x432.png\" class=\"attachment-medium_large size-medium_large wp-image-18753\" alt=\"\" srcset=\"https:\/\/arcqua.nl\/wp-content\/uploads\/2026\/05\/fiora_meubel_1-768x432.png 768w, https:\/\/arcqua.nl\/wp-content\/uploads\/2026\/05\/fiora_meubel_1-300x169.png 300w, https:\/\/arcqua.nl\/wp-content\/uploads\/2026\/05\/fiora_meubel_1-1024x576.png 1024w, https:\/\/arcqua.nl\/wp-content\/uploads\/2026\/05\/fiora_meubel_1-1536x864.png 1536w, https:\/\/arcqua.nl\/wp-content\/uploads\/2026\/05\/fiora_meubel_1-500x281.png 500w, https:\/\/arcqua.nl\/wp-content\/uploads\/2026\/05\/fiora_meubel_1-800x450.png 800w, https:\/\/arcqua.nl\/wp-content\/uploads\/2026\/05\/fiora_meubel_1.png 1920w\" sizes=\"(max-width: 768px) 100vw, 768px\" \/>\t\t\t\t\t\t\t\t\t\t\t\t\t\t\t<\/div>\n\t\t<div class=\"elementor-element elementor-element-8904c6d e-con-full e-flex e-con e-child\" data-id=\"8904c6d\" data-element_type=\"container\" data-e-type=\"container\">\n\t\t\t\t<div class=\"elementor-element elementor-element-ade7c7d elementor-widget elementor-widget-text-editor\" data-id=\"ade7c7d\" data-element_type=\"widget\" data-e-type=\"widget\" data-widget_type=\"text-editor.default\">\n\t\t\t\t\t\t\t\t\t<p>Fiora M\u00f6bel<\/p>\t\t\t\t\t\t\t\t<\/div>\n\t\t\t\t<div class=\"elementor-element elementor-element-c97c8d1 elementor-widget elementor-widget-text-editor\" data-id=\"c97c8d1\" data-element_type=\"widget\" data-e-type=\"widget\" data-widget_type=\"text-editor.default\">\n\t\t\t\t\t\t\t\t\t<p>Die M\u00f6bel von Fiora verbinden klares Design mit praktischem Stauraum. Sie sind in verschiedenen Gr\u00f6\u00dfen, Farben und Ausf\u00fchrungen f\u00fcr jeden Badezimmerstil erh\u00e4ltlich. Fiora-M\u00f6bel sind bekannt f\u00fcr ihre hochwertige Verarbeitung und ihr minimalistisches Erscheinungsbild.  <\/p>\t\t\t\t\t\t\t\t<\/div>\n\t\t\t\t<\/div>\n\t\t\t\t<\/div>\n\t\t<div class=\"elementor-element elementor-element-93ab429 e-con-full e-flex e-con e-child\" data-id=\"93ab429\" data-element_type=\"container\" data-e-type=\"container\" data-settings=\"{&quot;background_background&quot;:&quot;classic&quot;}\">\n\t\t\t\t<div class=\"elementor-element elementor-element-8df9d24 elementor-widget elementor-widget-image\" data-id=\"8df9d24\" data-element_type=\"widget\" data-e-type=\"widget\" data-widget_type=\"image.default\">\n\t\t\t\t\t\t\t\t\t\t\t\t\t\t\t<img loading=\"lazy\" decoding=\"async\" width=\"500\" height=\"300\" src=\"https:\/\/arcqua.nl\/wp-content\/uploads\/2026\/05\/wasbak_fiora-500x300.png\" class=\"attachment-thumbnail size-thumbnail wp-image-18754\" alt=\"\" \/>\t\t\t\t\t\t\t\t\t\t\t\t\t\t\t<\/div>\n\t\t<div class=\"elementor-element elementor-element-ea7cc9d e-con-full e-flex e-con e-child\" data-id=\"ea7cc9d\" data-element_type=\"container\" data-e-type=\"container\">\n\t\t\t\t<div class=\"elementor-element elementor-element-95218b8 elementor-widget elementor-widget-text-editor\" data-id=\"95218b8\" data-element_type=\"widget\" data-e-type=\"widget\" data-widget_type=\"text-editor.default\">\n\t\t\t\t\t\t\t\t\t<p>Aufsatzwaschbecken<\/p>\t\t\t\t\t\t\t\t<\/div>\n\t\t\t\t<div class=\"elementor-element elementor-element-55642af elementor-widget elementor-widget-text-editor\" data-id=\"55642af\" data-element_type=\"widget\" data-e-type=\"widget\" data-widget_type=\"text-editor.default\">\n\t\t\t\t\t\t\t\t\t<p>Fiora stellt stilvolle Waschbecken mit einem modernen und klaren Design her. Die Waschbecken sind in verschiedenen Farben, Formen und Materialien erh\u00e4ltlich.<br\/>Sie verbinden luxuri\u00f6ses Aussehen mit Benutzerfreundlichkeit f\u00fcr jedes Badezimmer. <\/p>\t\t\t\t\t\t\t\t<\/div>\n\t\t\t\t<\/div>\n\t\t\t\t<\/div>\n\t\t\t\t<\/div>\n\t\t\t\t\t<\/div>\n\t\t\t\t<\/div>\n\t\t<div class=\"elementor-element elementor-element-981c667 e-flex e-con-boxed e-con e-parent\" data-id=\"981c667\" data-element_type=\"container\" data-e-type=\"container\">\n\t\t\t\t\t<div class=\"e-con-inner\">\n\t\t<div class=\"elementor-element elementor-element-30439db e-con-full e-flex e-con e-child\" data-id=\"30439db\" data-element_type=\"container\" data-e-type=\"container\">\n\t\t\t\t<div class=\"elementor-element elementor-element-49a3e49 elementor-widget elementor-widget-image\" data-id=\"49a3e49\" data-element_type=\"widget\" data-e-type=\"widget\" data-widget_type=\"image.default\">\n\t\t\t\t\t\t\t\t\t\t\t\t\t\t\t<img loading=\"lazy\" decoding=\"async\" width=\"768\" height=\"459\" src=\"https:\/\/arcqua.nl\/wp-content\/uploads\/2026\/05\/opti-01-OVALY-scaled-1-768x459.jpg\" class=\"attachment-medium_large size-medium_large wp-image-18755\" alt=\"\" srcset=\"https:\/\/arcqua.nl\/wp-content\/uploads\/2026\/05\/opti-01-OVALY-scaled-1-768x459.jpg 768w, https:\/\/arcqua.nl\/wp-content\/uploads\/2026\/05\/opti-01-OVALY-scaled-1-300x179.jpg 300w, https:\/\/arcqua.nl\/wp-content\/uploads\/2026\/05\/opti-01-OVALY-scaled-1-1024x612.jpg 1024w, https:\/\/arcqua.nl\/wp-content\/uploads\/2026\/05\/opti-01-OVALY-scaled-1-500x299.jpg 500w, https:\/\/arcqua.nl\/wp-content\/uploads\/2026\/05\/opti-01-OVALY-scaled-1-1536x919.jpg 1536w, https:\/\/arcqua.nl\/wp-content\/uploads\/2026\/05\/opti-01-OVALY-scaled-1-2048x1225.jpg 2048w, https:\/\/arcqua.nl\/wp-content\/uploads\/2026\/05\/opti-01-OVALY-scaled-1-800x478.jpg 800w\" sizes=\"(max-width: 768px) 100vw, 768px\" \/>\t\t\t\t\t\t\t\t\t\t\t\t\t\t\t<\/div>\n\t\t\t\t<\/div>\n\t\t<div class=\"elementor-element elementor-element-ca614f0 e-con-full e-flex e-con e-child\" data-id=\"ca614f0\" data-element_type=\"container\" data-e-type=\"container\">\n\t\t\t\t<div class=\"elementor-element elementor-element-cf97fe4 elementor-widget elementor-widget-heading\" data-id=\"cf97fe4\" data-element_type=\"widget\" data-e-type=\"widget\" data-widget_type=\"heading.default\">\n\t\t\t\t\t<h2 class=\"elementor-heading-title elementor-size-default\">Fiora gestaltet Badezimmer, die\nGenerationen \u00fcberdauern.<\/h2>\t\t\t\t<\/div>\n\t\t\t\t<div class=\"elementor-element elementor-element-82b55dd elementor-widget elementor-widget-text-editor\" data-id=\"82b55dd\" data-element_type=\"widget\" data-e-type=\"widget\" data-widget_type=\"text-editor.default\">\n\t\t\t\t\t\t\t\t\t<p>Fiora wurde 1986 in Spanien gegr\u00fcndet und ist weltweit f\u00fcr seine hochwertigen Duschwannen, Waschbecken und Duschkabinen bekannt. Die Marke verbindet europ\u00e4ische Handwerkskunst mit einem klaren, zeitlosen Design \u2013 geschaffen f\u00fcr eine jahrzehntelange Lebensdauer. Arcqua ist der offizielle Partner von Fiora f\u00fcr den niederl\u00e4ndischen Markt. Das bedeutet direkten Zugang zum gesamten Sortiment, g\u00fcnstige Einkaufspreise und pers\u00f6nliche Unterst\u00fctzung im Showroom.   <\/p>\t\t\t\t\t\t\t\t<\/div>\n\t\t\t\t<\/div>\n\t\t\t\t\t<\/div>\n\t\t\t\t<\/div>\n\t\t<div class=\"elementor-element elementor-element-5ae5bae e-flex e-con-boxed e-con e-parent\" data-id=\"5ae5bae\" data-element_type=\"container\" data-e-type=\"container\" data-settings=\"{&quot;background_background&quot;:&quot;classic&quot;}\">\n\t\t\t\t\t<div class=\"e-con-inner\">\n\t\t\t\t<div class=\"elementor-element elementor-element-095953e elementor-widget elementor-widget-heading\" data-id=\"095953e\" data-element_type=\"widget\" data-e-type=\"widget\" data-widget_type=\"heading.default\">\n\t\t\t\t\t<h2 class=\"elementor-heading-title elementor-size-default\">Warum \u00fcber Arcqua?<\/h2>\t\t\t\t<\/div>\n\t\t\t\t<div class=\"elementor-element elementor-element-330a60e elementor-widget elementor-widget-heading\" data-id=\"330a60e\" data-element_type=\"widget\" data-e-type=\"widget\" data-widget_type=\"heading.default\">\n\t\t\t\t\t<h2 class=\"elementor-heading-title elementor-size-default\">Alles, was Ihr Unternehmen braucht.<\/h2>\t\t\t\t<\/div>\n\t\t\t\t\t<\/div>\n\t\t\t\t<\/div>\n\t\t<div class=\"elementor-element elementor-element-0e31b05 e-flex e-con-boxed e-con e-parent\" data-id=\"0e31b05\" data-element_type=\"container\" data-e-type=\"container\" data-settings=\"{&quot;background_background&quot;:&quot;classic&quot;}\">\n\t\t\t\t\t<div class=\"e-con-inner\">\n\t\t<div class=\"elementor-element elementor-element-f80f997 e-con-full e-flex e-con e-child\" data-id=\"f80f997\" data-element_type=\"container\" data-e-type=\"container\">\n\t\t\t\t<div class=\"elementor-element elementor-element-78369fc elementor-view-default elementor-position-block-start elementor-mobile-position-block-start elementor-widget elementor-widget-icon-box\" data-id=\"78369fc\" data-element_type=\"widget\" data-e-type=\"widget\" data-widget_type=\"icon-box.default\">\n\t\t\t\t\t\t\t<div class=\"elementor-icon-box-wrapper\">\n\n\t\t\t\t\t\t<div class=\"elementor-icon-box-icon\">\n\t\t\t\t<span  class=\"elementor-icon\">\n\t\t\t\t<i aria-hidden=\"true\" class=\"fas fa-tag\"><\/i>\t\t\t\t<\/span>\n\t\t\t<\/div>\n\t\t\t\n\t\t\t\t\t\t<div class=\"elementor-icon-box-content\">\n\n\t\t\t\t\t\t\t\t\t<h3 class=\"elementor-icon-box-title\">\n\t\t\t\t\t\t<span  >\n\t\t\t\t\t\t\tG\u00fcnstige Preise\t\t\t\t\t\t<\/span>\n\t\t\t\t\t<\/h3>\n\t\t\t\t\n\t\t\t\t\t\t\t\t\t<p class=\"elementor-icon-box-description\">\n\t\t\t\t\t\tAttraktive H\u00e4ndlerpreise f\u00fcr Einzelh\u00e4ndler, Gro\u00dfh\u00e4ndler und Installateure.\t\t\t\t\t<\/p>\n\t\t\t\t\n\t\t\t<\/div>\n\t\t\t\n\t\t<\/div>\n\t\t\t\t\t\t<\/div>\n\t\t\t\t<\/div>\n\t\t<div class=\"elementor-element elementor-element-e9c9acd e-con-full e-flex e-con e-child\" data-id=\"e9c9acd\" data-element_type=\"container\" data-e-type=\"container\">\n\t\t\t\t<div class=\"elementor-element elementor-element-45999a6 elementor-view-default elementor-position-block-start elementor-mobile-position-block-start elementor-widget elementor-widget-icon-box\" data-id=\"45999a6\" data-element_type=\"widget\" data-e-type=\"widget\" data-widget_type=\"icon-box.default\">\n\t\t\t\t\t\t\t<div class=\"elementor-icon-box-wrapper\">\n\n\t\t\t\t\t\t<div class=\"elementor-icon-box-icon\">\n\t\t\t\t<span  class=\"elementor-icon\">\n\t\t\t\t<i aria-hidden=\"true\" class=\"fas fa-bath\"><\/i>\t\t\t\t<\/span>\n\t\t\t<\/div>\n\t\t\t\n\t\t\t\t\t\t<div class=\"elementor-icon-box-content\">\n\n\t\t\t\t\t\t\t\t\t<h3 class=\"elementor-icon-box-title\">\n\t\t\t\t\t\t<span  >\n\t\t\t\t\t\t\tUnterst\u00fctzung f\u00fcr den Showroom\t\t\t\t\t\t<\/span>\n\t\t\t\t\t<\/h3>\n\t\t\t\t\n\t\t\t\t\t\t\t\t\t<p class=\"elementor-icon-box-description\">\n\t\t\t\t\t\tPr\u00e4sentationsmaterial, Musterkarten und 3D-Dateien sind auf Anfrage erh\u00e4ltlich.\t\t\t\t\t<\/p>\n\t\t\t\t\n\t\t\t<\/div>\n\t\t\t\n\t\t<\/div>\n\t\t\t\t\t\t<\/div>\n\t\t\t\t<\/div>\n\t\t<div class=\"elementor-element elementor-element-922a002 e-con-full e-flex e-con e-child\" data-id=\"922a002\" data-element_type=\"container\" data-e-type=\"container\">\n\t\t\t\t<div class=\"elementor-element elementor-element-e189e29 elementor-view-default elementor-position-block-start elementor-mobile-position-block-start elementor-widget elementor-widget-icon-box\" data-id=\"e189e29\" data-element_type=\"widget\" data-e-type=\"widget\" data-widget_type=\"icon-box.default\">\n\t\t\t\t\t\t\t<div class=\"elementor-icon-box-wrapper\">\n\n\t\t\t\t\t\t<div class=\"elementor-icon-box-icon\">\n\t\t\t\t<span  class=\"elementor-icon\">\n\t\t\t\t<i aria-hidden=\"true\" class=\"far fa-comments\"><\/i>\t\t\t\t<\/span>\n\t\t\t<\/div>\n\t\t\t\n\t\t\t\t\t\t<div class=\"elementor-icon-box-content\">\n\n\t\t\t\t\t\t\t\t\t<h3 class=\"elementor-icon-box-title\">\n\t\t\t\t\t\t<span  >\n\t\t\t\t\t\t\tPers\u00f6nlicher Kontakt\t\t\t\t\t\t<\/span>\n\t\t\t\t\t<\/h3>\n\t\t\t\t\n\t\t\t\t\t\t\t\t\t<p class=\"elementor-icon-box-description\">\n\t\t\t\t\t\tEin fester Kundenbetreuer und technischer Support f\u00fcr jedes Projekt.\t\t\t\t\t<\/p>\n\t\t\t\t\n\t\t\t<\/div>\n\t\t\t\n\t\t<\/div>\n\t\t\t\t\t\t<\/div>\n\t\t\t\t<\/div>\n\t\t\t\t\t<\/div>\n\t\t\t\t<\/div>\n\t\t<div class=\"elementor-element elementor-element-9368a03 e-flex e-con-boxed e-con e-parent\" data-id=\"9368a03\" data-element_type=\"container\" data-e-type=\"container\">\n\t\t\t\t\t<div class=\"e-con-inner\">\n\t\t<div class=\"elementor-element elementor-element-37980f1 e-con-full e-flex e-con e-child\" data-id=\"37980f1\" data-element_type=\"container\" data-e-type=\"container\">\n\t\t\t\t<div class=\"elementor-element elementor-element-d83eacf elementor-widget elementor-widget-heading\" data-id=\"d83eacf\" data-element_type=\"widget\" data-e-type=\"widget\" data-widget_type=\"heading.default\">\n\t\t\t\t\t<h2 class=\"elementor-heading-title elementor-size-default\">Zusammenarbeit mit arcqua<\/h2>\t\t\t\t<\/div>\n\t\t\t\t<div class=\"elementor-element elementor-element-fe51851 elementor-widget elementor-widget-heading\" data-id=\"fe51851\" data-element_type=\"widget\" data-e-type=\"widget\" data-widget_type=\"heading.default\">\n\t\t\t\t\t<h2 class=\"elementor-heading-title elementor-size-default\">Werden Sie Vertriebspartner von Fiora<\/h2>\t\t\t\t<\/div>\n\t\t\t\t<div class=\"elementor-element elementor-element-4343f51 elementor-widget__width-initial elementor-widget elementor-widget-text-editor\" data-id=\"4343f51\" data-element_type=\"widget\" data-e-type=\"widget\" data-widget_type=\"text-editor.default\">\n\t\t\t\t\t\t\t\t\t<p style=\"text-align: center;\">M\u00f6chten Sie Ihren Kunden das Fiora-Sortiment anbieten? Arcqua unterst\u00fctzt Einzelh\u00e4ndler, Gro\u00dfh\u00e4ndler und Installateure mit allem, was f\u00fcr eine erfolgreiche Zusammenarbeit erforderlich ist. <\/p>\t\t\t\t\t\t\t\t<\/div>\n\t\t\t\t<div class=\"elementor-element elementor-element-0669cd3 elementor-widget elementor-widget-button\" data-id=\"0669cd3\" data-element_type=\"widget\" data-e-type=\"widget\" data-widget_type=\"button.default\">\n\t\t\t\t\t\t\t\t\t\t<a class=\"elementor-button elementor-button-link elementor-size-sm\" href=\"https:\/\/arcqua.nl\/de\/kontakt\/\">\n\t\t\t\t\t\t<span class=\"elementor-button-content-wrapper\">\n\t\t\t\t\t\t\t\t\t<span class=\"elementor-button-text\">Fang mit dem Verkauf an<\/span>\n\t\t\t\t\t<\/span>\n\t\t\t\t\t<\/a>\n\t\t\t\t\t\t\t\t<\/div>\n\t\t\t\t<\/div>\n\t\t\t\t\t<\/div>\n\t\t\t\t<\/div>\n\t\t\t\t<\/div>\n\t\t","protected":false},"excerpt":{"rendered":"<p>Fiora Spanische Handwerkskunst, zeitloses Design.\u200b Als offizieller Partner bringt Arcqua das gesamte Fiora-Sortiment auf den niederl\u00e4ndischen Markt \u2013 f\u00fcr Einzelh\u00e4ndler, Gro\u00dfh\u00e4ndler und Installateure. Katalog herunterladen Das Fiora-Sortiment Douchebakken Composiet douchebakken in 30+ kleuren. Antislip en krasbestendig. Fiora M\u00f6bel Die M\u00f6bel von Fiora verbinden klares Design mit praktischem Stauraum. Sie sind in verschiedenen Gr\u00f6\u00dfen, Farben und [&hellip;]<\/p>\n","protected":false},"author":9,"featured_media":0,"parent":0,"menu_order":0,"comment_status":"closed","ping_status":"closed","template":"","meta":{"_acf_changed":false,"footnotes":""},"class_list":["post-18756","page","type-page","status-publish","hentry"],"blocksy_meta":[],"acf":[],"_links":{"self":[{"href":"https:\/\/arcqua.nl\/de\/wp-json\/wp\/v2\/pages\/18756","targetHints":{"allow":["GET"]}}],"collection":[{"href":"https:\/\/arcqua.nl\/de\/wp-json\/wp\/v2\/pages"}],"about":[{"href":"https:\/\/arcqua.nl\/de\/wp-json\/wp\/v2\/types\/page"}],"author":[{"embeddable":true,"href":"https:\/\/arcqua.nl\/de\/wp-json\/wp\/v2\/users\/9"}],"replies":[{"embeddable":true,"href":"https:\/\/arcqua.nl\/de\/wp-json\/wp\/v2\/comments?post=18756"}],"version-history":[{"count":1,"href":"https:\/\/arcqua.nl\/de\/wp-json\/wp\/v2\/pages\/18756\/revisions"}],"predecessor-version":[{"id":18760,"href":"https:\/\/arcqua.nl\/de\/wp-json\/wp\/v2\/pages\/18756\/revisions\/18760"}],"wp:attachment":[{"href":"https:\/\/arcqua.nl\/de\/wp-json\/wp\/v2\/media?parent=18756"}],"curies":[{"name":"wp","href":"https:\/\/api.w.org\/{rel}","templated":true}]}}