{"id":18787,"date":"2026-04-30T13:17:14","date_gmt":"2026-04-30T11:17:14","guid":{"rendered":"https:\/\/arcqua.nl\/downloadcenter\/"},"modified":"2026-05-11T12:53:00","modified_gmt":"2026-05-11T10:53:00","slug":"downloadcenter","status":"publish","type":"page","link":"https:\/\/arcqua.nl\/de\/downloadcenter\/","title":{"rendered":"Downloadcenter"},"content":{"rendered":"\t\t<div data-elementor-type=\"wp-page\" data-elementor-id=\"18787\" class=\"elementor elementor-18787 elementor-15464\" data-elementor-settings=\"{&quot;element_pack_global_tooltip_width&quot;:{&quot;unit&quot;:&quot;px&quot;,&quot;size&quot;:&quot;&quot;,&quot;sizes&quot;:[]},&quot;element_pack_global_tooltip_width_tablet&quot;:{&quot;unit&quot;:&quot;px&quot;,&quot;size&quot;:&quot;&quot;,&quot;sizes&quot;:[]},&quot;element_pack_global_tooltip_width_mobile&quot;:{&quot;unit&quot;:&quot;px&quot;,&quot;size&quot;:&quot;&quot;,&quot;sizes&quot;:[]},&quot;element_pack_global_tooltip_padding&quot;:{&quot;unit&quot;:&quot;px&quot;,&quot;top&quot;:&quot;&quot;,&quot;right&quot;:&quot;&quot;,&quot;bottom&quot;:&quot;&quot;,&quot;left&quot;:&quot;&quot;,&quot;isLinked&quot;:true},&quot;element_pack_global_tooltip_padding_tablet&quot;:{&quot;unit&quot;:&quot;px&quot;,&quot;top&quot;:&quot;&quot;,&quot;right&quot;:&quot;&quot;,&quot;bottom&quot;:&quot;&quot;,&quot;left&quot;:&quot;&quot;,&quot;isLinked&quot;:true},&quot;element_pack_global_tooltip_padding_mobile&quot;:{&quot;unit&quot;:&quot;px&quot;,&quot;top&quot;:&quot;&quot;,&quot;right&quot;:&quot;&quot;,&quot;bottom&quot;:&quot;&quot;,&quot;left&quot;:&quot;&quot;,&quot;isLinked&quot;:true},&quot;element_pack_global_tooltip_border_radius&quot;:{&quot;unit&quot;:&quot;px&quot;,&quot;top&quot;:&quot;&quot;,&quot;right&quot;:&quot;&quot;,&quot;bottom&quot;:&quot;&quot;,&quot;left&quot;:&quot;&quot;,&quot;isLinked&quot;:true},&quot;element_pack_global_tooltip_border_radius_tablet&quot;:{&quot;unit&quot;:&quot;px&quot;,&quot;top&quot;:&quot;&quot;,&quot;right&quot;:&quot;&quot;,&quot;bottom&quot;:&quot;&quot;,&quot;left&quot;:&quot;&quot;,&quot;isLinked&quot;:true},&quot;element_pack_global_tooltip_border_radius_mobile&quot;:{&quot;unit&quot;:&quot;px&quot;,&quot;top&quot;:&quot;&quot;,&quot;right&quot;:&quot;&quot;,&quot;bottom&quot;:&quot;&quot;,&quot;left&quot;:&quot;&quot;,&quot;isLinked&quot;:true}}\" data-elementor-post-type=\"page\">\n\t\t\t\t<div class=\"elementor-element elementor-element-df90d0c e-flex e-con-boxed e-con e-parent\" data-id=\"df90d0c\" data-element_type=\"container\" data-e-type=\"container\">\n\t\t\t\t\t<div class=\"e-con-inner\">\n\t\t\t\t<div class=\"elementor-element elementor-element-74b63e2 e-con e-atomic-element e-flexbox-base\" data-id=\"74b63e2\" data-element_type=\"e-flexbox\" data-e-type=\"e-flexbox\" data-interaction-id=\"74b63e2\" data-e-type=\"e-flexbox\" data-id=\"74b63e2\">\n\t\t<div class=\"e-con e-atomic-element e-tabs-base \" data-id=\"1db7735\" data-element_type=\"e-tabs\" data-e-type=\"e-tabs\" data-interaction-id=\"1db7735\" data-interactions=\"null\" x-data=\"eTabs1db7735\" data-e-settings=\"&#x7B;&quot;default-active-tab&quot;&#x3A;&quot;1db7735-tab-0&quot;&#x7D;\" >\n    <div class=\"e-con e-atomic-element e-tabs-menu-base \" data-id=\"29267de\" data-element_type=\"e-tabs-menu\" data-e-type=\"e-tabs-menu\" data-interaction-id=\"29267de\" data-interactions=\"null\" role=\"tablist\" ><button class=\"e-con e-atomic-element e-tab-base e-dc801da-228df0c  e--selected\" data-id=\"dc801da\" data-element_type=\"e-tab\" data-e-type=\"e-tab\" data-interaction-id=\"dc801da\" data-interactions=\"null\" role=\"tab\" tabindex=\"0\" aria-selected=\"true\" x-bind=\"tab\" x-ref=\"dc801da\" id=\"1db7735-tab-0\" aria-controls=\"1db7735-tab-content-0\" >\t\t\t\t\t\t<span class=\"e-b30b885-0f6d240 e-paragraph-base\" data-interaction-id=\"b30b885\"  data-e-type=\"widget\" data-id=\"b30b885\">\n\t\t\t\t\t\t\t\tArcqua\n\t\t\t\t\t<\/span>\n\t\t<\/button>\n<button class=\"e-con e-atomic-element e-tab-base e-a45f982-cb19806 \" data-id=\"a45f982\" data-element_type=\"e-tab\" data-e-type=\"e-tab\" data-interaction-id=\"a45f982\" data-interactions=\"null\" role=\"tab\" tabindex=\"-1\" aria-selected=\"false\" x-bind=\"tab\" x-ref=\"a45f982\" id=\"1db7735-tab-1\" aria-controls=\"1db7735-tab-content-1\" >\t\t\t\t\t\t<span class=\"e-paragraph-base\" data-interaction-id=\"8a8683a\"  data-e-type=\"widget\" data-id=\"8a8683a\">\n\t\t\t\t\t\t\t\tFiora\n\t\t\t\t\t<\/span>\n\t\t<\/button>\n<button class=\"e-con e-atomic-element e-tab-base e-16c29ee-f432cd1 \" data-id=\"16c29ee\" data-element_type=\"e-tab\" data-e-type=\"e-tab\" data-interaction-id=\"16c29ee\" data-interactions=\"null\" role=\"tab\" tabindex=\"-1\" aria-selected=\"false\" x-bind=\"tab\" x-ref=\"16c29ee\" id=\"1db7735-tab-2\" aria-controls=\"1db7735-tab-content-2\" >\t\t\t\t\t\t<span class=\"e-7cf2be2-417caa0 e-paragraph-base\" data-interaction-id=\"7cf2be2\"  data-e-type=\"widget\" data-id=\"7cf2be2\">\n\t\t\t\t\t\t\t\tAqua Prestige\n\t\t\t\t\t<\/span>\n\t\t<\/button>\n<\/div>\n<div class=\"e-con e-atomic-element e-tabs-content-area-base \" data-id=\"5315d9c\" data-element_type=\"e-tabs-content-area\" data-e-type=\"e-tabs-content-area\" data-interaction-id=\"5315d9c\" data-interactions=\"null\" ><div class=\"e-con e-atomic-element e-tab-content-base  e--selected\" data-id=\"04ca628\" data-element_type=\"e-tab-content\" data-e-type=\"e-tab-content\" data-interaction-id=\"04ca628\" data-interactions=\"null\" role=\"tabpanel\" x-bind=\"tabContent\" id=\"1db7735-tab-content-0\" aria-labelledby=\"1db7735-tab-0\" ><div class=\"elementor-element elementor-element-d411d52 e-grid e-con-boxed e-con e-parent\" data-id=\"d411d52\" data-element_type=\"container\" data-e-type=\"container\">\n\t\t\t\t\t<div class=\"e-con-inner\">\n\t\t\t\t\t\t\t\t<p class=\"e-paragraph-base\" data-interaction-id=\"a9d9e9f\"  data-e-type=\"widget\" data-id=\"a9d9e9f\">\n\t\t\t\t\t\t\t<a\n\t\t\t\t\thref=\"https:\/\/arcqua.nl\/wp-content\/uploads\/2026\/05\/Arcqua-prijslijst-januari-2026.pdf\" target=\"_blank\"\n\t\t\t\t\tclass=\"e-paragraph-link-base\"\n\t\t\t\t>\n\t\t\t\t\t\tArcqua-Preisliste 2025\u20132026\n\t\t\t\t<\/a>\n\t\t\t\t\t<\/p>\n\t\t\t\t\t\t\t\t<p class=\"e-paragraph-base\" data-interaction-id=\"a31a749\"  data-e-type=\"widget\" data-id=\"a31a749\">\n\t\t\t\t\t\t\t<a\n\t\t\t\t\thref=\"https:\/\/arcqua.nl\/wp-content\/uploads\/2026\/04\/Gebruikshandleiding-reparatieset.pdf\" target=\"_blank\"\n\t\t\t\t\tclass=\"e-paragraph-link-base\"\n\t\t\t\t>\n\t\t\t\t\t\tGebrauchsanweisung f\u00fcr das Reparaturset\n\t\t\t\t<\/a>\n\t\t\t\t\t<\/p>\n\t\t\t\t\t\t\t\t<p class=\"e-paragraph-base\" data-interaction-id=\"3d59f52\"  data-e-type=\"widget\" data-id=\"3d59f52\">\n\t\t\t\t\t\t\t<a\n\t\t\t\t\thref=\"https:\/\/arcqua.nl\/wp-content\/uploads\/2026\/04\/Instruction-Manual-TYPE1-Liquid-Paint.pdf\" target=\"_blank\"\n\t\t\t\t\tclass=\"e-paragraph-link-base\"\n\t\t\t\t>\n\t\t\t\t\t\tGebrauchsanweisung TYPE1 Fl\u00fcssigfarbe\n\t\t\t\t<\/a>\n\t\t\t\t\t<\/p>\n\t\t\t\t\t\t\t\t<p class=\"e-paragraph-base\" data-interaction-id=\"66b96ec\"  data-e-type=\"widget\" data-id=\"66b96ec\">\n\t\t\t\t\t\t\t<a\n\t\t\t\t\thref=\"https:\/\/arcqua.nl\/wp-content\/uploads\/2026\/04\/Instruction-Manual-TYPE-2-Spray-Paint.pdf\" target=\"_blank\"\n\t\t\t\t\tclass=\"e-paragraph-link-base\"\n\t\t\t\t>\n\t\t\t\t\t\tGebrauchsanweisung f\u00fcr Spr\u00fchfarbe TYPE 2\n\t\t\t\t<\/a>\n\t\t\t\t\t<\/p>\n\t\t\t\t\t<\/div>\n\t\t\t\t<\/div>\n\t\t<\/div>\n<div class=\"e-con e-atomic-element e-tab-content-base \" data-id=\"e9a9a3b\" data-element_type=\"e-tab-content\" data-e-type=\"e-tab-content\" data-interaction-id=\"e9a9a3b\" data-interactions=\"null\" role=\"tabpanel\" x-bind=\"tabContent\" id=\"1db7735-tab-content-1\" aria-labelledby=\"1db7735-tab-1\" hidden=\"true\" style=\"display: none;\" ><div class=\"elementor-element elementor-element-fa5cbba e-grid e-con-boxed e-con e-parent\" data-id=\"fa5cbba\" data-element_type=\"container\" data-e-type=\"container\">\n\t\t\t\t\t<div class=\"e-con-inner\">\n\t\t\t\t\t\t\t\t<p class=\"e-paragraph-base\" data-interaction-id=\"be03728\"  data-e-type=\"widget\" data-id=\"be03728\">\n\t\t\t\t\t\t\t<a\n\t\t\t\t\thref=\"https:\/\/arcqua.nl\/wp-content\/uploads\/2026\/04\/cat-tarif-fiora-2026_HOL_de_reducido_v5.pdf\" target=\"_blank\"\n\t\t\t\t\tclass=\"e-paragraph-link-base\"\n\t\t\t\t>\n\t\t\t\t\t\tFiora-Preisliste 2025\u20132026\n\t\t\t\t<\/a>\n\t\t\t\t\t<\/p>\n\t\t\t\t\t<\/div>\n\t\t\t\t<\/div>\n\t\t<\/div>\n<div class=\"e-con e-atomic-element e-tab-content-base \" data-id=\"380712e\" data-element_type=\"e-tab-content\" data-e-type=\"e-tab-content\" data-interaction-id=\"380712e\" data-interactions=\"null\" role=\"tabpanel\" x-bind=\"tabContent\" id=\"1db7735-tab-content-2\" aria-labelledby=\"1db7735-tab-2\" hidden=\"true\" style=\"display: none;\" ><div class=\"elementor-element elementor-element-d6a0266 e-grid e-con-boxed e-con e-parent\" data-id=\"d6a0266\" data-element_type=\"container\" data-e-type=\"container\">\n\t\t\t\t\t<div class=\"e-con-inner\">\n\t\t\t\t\t\t\t\t<p class=\"e-paragraph-base\" data-interaction-id=\"1b1a33f\"  data-e-type=\"widget\" data-id=\"1b1a33f\">\n\t\t\t\t\t\t\t<a\n\t\t\t\t\thref=\"https:\/\/arcqua.nl\/wp-content\/uploads\/2026\/04\/Aqua-Prestige-prijslijst-2026-miv-1-3-2026.pdf\" target=\"_blank\"\n\t\t\t\t\tclass=\"e-paragraph-link-base\"\n\t\t\t\t>\n\t\t\t\t\t\tAqua Prestige-Preisliste 2026, g\u00fcltig ab 1.3.2026\n\t\t\t\t<\/a>\n\t\t\t\t\t<\/p>\n\t\t\t\t\t<\/div>\n\t\t\t\t<\/div>\n\t\t<\/div>\n<\/div>\n\n<\/div>\n\t\t\n\t\t<\/div>\n\t\t\t\t\t<\/div>\n\t\t\t\t<\/div>\n\t\t\t\t<\/div>\n\t\t","protected":false},"excerpt":{"rendered":"<p>Arcqua Fiora Aqua Prestige Arcqua-Preisliste 2025\u20132026 Gebrauchsanweisung f\u00fcr das Reparaturset Gebrauchsanweisung TYPE1 Fl\u00fcssigfarbe Gebrauchsanweisung f\u00fcr Spr\u00fchfarbe TYPE 2 Fiora-Preisliste 2025\u20132026 Aqua Prestige-Preisliste 2026, g\u00fcltig ab 1.3.2026<\/p>\n","protected":false},"author":9,"featured_media":0,"parent":0,"menu_order":0,"comment_status":"closed","ping_status":"closed","template":"","meta":{"_acf_changed":false,"footnotes":""},"class_list":["post-18787","page","type-page","status-publish","hentry"],"blocksy_meta":[],"acf":[],"_links":{"self":[{"href":"https:\/\/arcqua.nl\/de\/wp-json\/wp\/v2\/pages\/18787","targetHints":{"allow":["GET"]}}],"collection":[{"href":"https:\/\/arcqua.nl\/de\/wp-json\/wp\/v2\/pages"}],"about":[{"href":"https:\/\/arcqua.nl\/de\/wp-json\/wp\/v2\/types\/page"}],"author":[{"embeddable":true,"href":"https:\/\/arcqua.nl\/de\/wp-json\/wp\/v2\/users\/9"}],"replies":[{"embeddable":true,"href":"https:\/\/arcqua.nl\/de\/wp-json\/wp\/v2\/comments?post=18787"}],"version-history":[{"count":1,"href":"https:\/\/arcqua.nl\/de\/wp-json\/wp\/v2\/pages\/18787\/revisions"}],"predecessor-version":[{"id":18788,"href":"https:\/\/arcqua.nl\/de\/wp-json\/wp\/v2\/pages\/18787\/revisions\/18788"}],"wp:attachment":[{"href":"https:\/\/arcqua.nl\/de\/wp-json\/wp\/v2\/media?parent=18787"}],"curies":[{"name":"wp","href":"https:\/\/api.w.org\/{rel}","templated":true}]}}