{"id":19700,"date":"2026-05-07T02:07:53","date_gmt":"2026-05-07T00:07:53","guid":{"rendered":"https:\/\/arcqua.nl\/product\/waschbeckenunterschrank-ridge-in-zementoptik-inkl-waschbecken-in-mattweiss-mit-ueberlauf\/"},"modified":"2026-05-07T02:07:53","modified_gmt":"2026-05-07T00:07:53","slug":"waschbeckenunterschrank-ridge-in-zementoptik-inkl-waschbecken-in-mattweiss-mit-ueberlauf","status":"publish","type":"product","link":"https:\/\/arcqua.nl\/de\/product\/waschbeckenunterschrank-ridge-in-zementoptik-inkl-waschbecken-in-mattweiss-mit-ueberlauf\/","title":{"rendered":"Waschbeckenunterschrank Ridge in Zementoptik, inkl. Waschbecken in Mattwei\u00df mit \u00dcberlauf"},"content":{"rendered":"<p>Waschbeckenunterschrank Ridge in Zementoptik, inkl. Waschbecken in Mattwei\u00df mit \u00dcberlauf <\/p>\n","protected":false},"excerpt":{"rendered":"<p>Waschbeckenunterschrank Ridge in Zementoptik, inkl. Waschbecken in Mattwei\u00df mit \u00dcberlauf<\/p>\n","protected":false},"featured_media":18418,"template":"","meta":{"_acf_changed":false},"product_brand":[],"product_cat":[1168],"product_tag":[],"class_list":{"0":"post-19700","1":"product","2":"type-product","3":"status-publish","4":"has-post-thumbnail","6":"product_cat-allgemein","8":"first","9":"onbackorder","10":"taxable","11":"shipping-taxable","12":"purchasable","13":"product-type-simple"},"bundled_by":[],"bundle_stock_status":"onbackorder","bundle_stock_quantity":0,"bundle_virtual":false,"bundle_layout":"","bundle_add_to_cart_form_location":"","bundle_editable_in_cart":false,"bundle_sold_individually_context":"","bundle_item_grouping":"","bundle_min_size":"","bundle_max_size":"","bundle_price":[],"bundled_items":[],"bundle_sell_ids":[],"ct_brands":[],"acf":[],"_links":{"self":[{"href":"https:\/\/arcqua.nl\/de\/wp-json\/wp\/v2\/product\/19700","targetHints":{"allow":["GET"]}}],"collection":[{"href":"https:\/\/arcqua.nl\/de\/wp-json\/wp\/v2\/product"}],"about":[{"href":"https:\/\/arcqua.nl\/de\/wp-json\/wp\/v2\/types\/product"}],"version-history":[{"count":0,"href":"https:\/\/arcqua.nl\/de\/wp-json\/wp\/v2\/product\/19700\/revisions"}],"wp:featuredmedia":[{"embeddable":true,"href":"https:\/\/arcqua.nl\/de\/wp-json\/wp\/v2\/media\/18418"}],"wp:attachment":[{"href":"https:\/\/arcqua.nl\/de\/wp-json\/wp\/v2\/media?parent=19700"}],"wp:term":[{"taxonomy":"product_brand","embeddable":true,"href":"https:\/\/arcqua.nl\/de\/wp-json\/wp\/v2\/product_brand?post=19700"},{"taxonomy":"product_cat","embeddable":true,"href":"https:\/\/arcqua.nl\/de\/wp-json\/wp\/v2\/product_cat?post=19700"},{"taxonomy":"product_tag","embeddable":true,"href":"https:\/\/arcqua.nl\/de\/wp-json\/wp\/v2\/product_tag?post=19700"}],"curies":[{"name":"wp","href":"https:\/\/api.w.org\/{rel}","templated":true}]}}